{"id":19767,"date":"2022-09-03T12:18:29","date_gmt":"2022-09-03T10:18:29","guid":{"rendered":"https:\/\/grainesdedesert.com\/?post_type=product&#038;p=19767"},"modified":"2025-01-02T10:44:35","modified_gmt":"2025-01-02T09:44:35","slug":"huile-au-geranium","status":"publish","type":"product","link":"https:\/\/grainesdedesert.com\/ar\/product\/huile-au-geranium\/","title":{"rendered":"\u0632\u064a\u062a \u0627\u0644\u062c\u064a\u0631\u0627\u0646\u064a\u0648\u0645"},"content":{"rendered":"<p><strong>C&rsquo;est une huile de mac\u00e9ration de g\u00e9ranium rosat dans de l&rsquo;huile d&rsquo;argane naturelle, avec de l&rsquo;huile essentielle de n\u00e9roli&#8230;<\/strong><\/p>\n<p><strong>- \u064a\u0639\u0637\u064a \u0625\u0634\u0631\u0627\u0642\u0629 \u0648\u064a\u0648\u062d\u062f \u0644\u0648\u0646 \u0627\u0644\u0628\u0634\u0631\u0629<\/strong><\/p>\n<p><strong>- \u0645\u0646\u0634\u0637 \u0648 \u0642\u0627\u0628\u0636<\/strong><\/p>\n<p><strong>- \u062a\u062c\u062f\u064a\u062f \u0627\u0644\u062e\u0644\u0627\u064a\u0627<\/strong><\/p>\n<p>&nbsp;<\/p>\n<p>&nbsp;<\/p>","protected":false},"excerpt":{"rendered":"<p><em><strong>\u0627\u0644\u0633\u0639\u0631 \u064a\u0646\u0637\u0628\u0642 \u0641\u0642\u0637 \u0641\u064a \u0627\u0644\u0645\u063a\u0631\u0628 \u060c \u0644\u0645\u0632\u064a\u062f \u0645\u0646 \u0627\u0644\u0645\u0639\u0644\u0648\u0645\u0627\u062a \u064a\u0631\u062c\u0649 \u0627\u0644\u0627\u062a\u0635\u0627\u0644 \u0628\u0646\u0627.<\/strong><\/em><\/p>","protected":false},"featured_media":20026,"template":"","meta":[],"product_cat":[177],"product_tag":[],"class_list":["post-19767","product","type-product","status-publish","has-post-thumbnail","hentry","product_cat-huiles"],"_links":{"self":[{"href":"https:\/\/grainesdedesert.com\/ar\/wp-json\/wp\/v2\/product\/19767","targetHints":{"allow":["GET"]}}],"collection":[{"href":"https:\/\/grainesdedesert.com\/ar\/wp-json\/wp\/v2\/product"}],"about":[{"href":"https:\/\/grainesdedesert.com\/ar\/wp-json\/wp\/v2\/types\/product"}],"version-history":[{"count":5,"href":"https:\/\/grainesdedesert.com\/ar\/wp-json\/wp\/v2\/product\/19767\/revisions"}],"predecessor-version":[{"id":20034,"href":"https:\/\/grainesdedesert.com\/ar\/wp-json\/wp\/v2\/product\/19767\/revisions\/20034"}],"wp:featuredmedia":[{"embeddable":true,"href":"https:\/\/grainesdedesert.com\/ar\/wp-json\/wp\/v2\/media\/20026"}],"wp:attachment":[{"href":"https:\/\/grainesdedesert.com\/ar\/wp-json\/wp\/v2\/media?parent=19767"}],"wp:term":[{"taxonomy":"product_cat","embeddable":true,"href":"https:\/\/grainesdedesert.com\/ar\/wp-json\/wp\/v2\/product_cat?post=19767"},{"taxonomy":"product_tag","embeddable":true,"href":"https:\/\/grainesdedesert.com\/ar\/wp-json\/wp\/v2\/product_tag?post=19767"}],"curies":[{"name":"wp","href":"https:\/\/api.w.org\/{rel}","templated":true}]}}