{"id":2346,"date":"2020-05-12T12:03:40","date_gmt":"2020-05-12T10:03:40","guid":{"rendered":"http:\/\/localhost\/granesdedesert\/?post_type=product&#038;p=2346"},"modified":"2025-01-02T10:54:46","modified_gmt":"2025-01-02T09:54:46","slug":"bamboo-coasters","status":"publish","type":"product","link":"https:\/\/grainesdedesert.com\/ar\/product\/bamboo-coasters\/","title":{"rendered":"\u0645\u0631\u0647\u0645 \u0639\u0627\u0644\u0645\u064a"},"content":{"rendered":"<p><strong>V\u00e9ritable baume soignant \u00e0 base de bosse de dromadaire, d&rsquo;huile v\u00e9g\u00e9tales et d&rsquo;huiles essentielles, il est \u00e0 utiliser pour ses vertus th\u00e9rapeutiques de drainage ( c&rsquo;est un baume de traitement)<\/strong><\/p>\n<p><strong>- \u064a\u062e\u0641\u0641 \u0628\u0639\u0636 \u062d\u0627\u0644\u0627\u062a \u0623\u0645\u0631\u0627\u0636 \u0627\u0644\u0623\u0648\u0631\u062f\u0629<\/strong><\/p>\n<p><strong>&#8211; Traite aussi les rhumatismes (lumbagos, sciatiques, replace les vert\u00e8bres..)<\/strong><\/p>\n<p><strong>-Utilis\u00e9 pour lutter contre les infections (grippes, bronchites..)<\/strong><\/p>\n<p><strong>- \u0645\u0634\u0627\u0643\u0644 \u062c\u0644\u062f\u064a\u0629. (\u0627\u0644\u0623\u0643\u0632\u064a\u0645\u0627 \u060c \u0627\u0644\u0635\u062f\u0641\u064a\u0629 \u060c \u0625\u0644\u062e.)<\/strong><\/p>\n<p><strong>\u064a\u062a\u0645 \u062a\u0643\u064a\u064a\u0641 \u0648\u0642\u062a \u0627\u0644\u0627\u0633\u062a\u062e\u062f\u0627\u0645 \u0648\u0641\u0642\u064b\u0627 \u0644\u0644\u0645\u0634\u0643\u0644\u0629 \u0627\u0644\u0645\u0631\u0627\u062f \u0639\u0644\u0627\u062c\u0647\u0627.<\/strong><\/p>\n<p>il se conserve environ 5 ans<\/p>\n<p>&nbsp;<\/p>","protected":false},"excerpt":{"rendered":"<p>&nbsp;<\/p>\n<p>&nbsp;<\/p>\n<p>&nbsp;<\/p>\n<p><strong><em>\u0627\u0644\u0633\u0639\u0631 \u064a\u0646\u0637\u0628\u0642 \u0641\u0642\u0637 \u0641\u064a \u0627\u0644\u0645\u063a\u0631\u0628 \u060c \u0644\u0645\u0632\u064a\u062f \u0645\u0646 \u0627\u0644\u0645\u0639\u0644\u0648\u0645\u0627\u062a \u064a\u0631\u062c\u0649 \u0627\u0644\u0627\u062a\u0635\u0627\u0644 \u0628\u0646\u0627.\u00a0<\/em><\/strong><\/p>","protected":false},"featured_media":18386,"template":"","meta":[],"product_cat":[180],"product_tag":[],"class_list":["post-2346","product","type-product","status-publish","has-post-thumbnail","hentry","product_cat-baumes"],"_links":{"self":[{"href":"https:\/\/grainesdedesert.com\/ar\/wp-json\/wp\/v2\/product\/2346","targetHints":{"allow":["GET"]}}],"collection":[{"href":"https:\/\/grainesdedesert.com\/ar\/wp-json\/wp\/v2\/product"}],"about":[{"href":"https:\/\/grainesdedesert.com\/ar\/wp-json\/wp\/v2\/types\/product"}],"version-history":[{"count":7,"href":"https:\/\/grainesdedesert.com\/ar\/wp-json\/wp\/v2\/product\/2346\/revisions"}],"predecessor-version":[{"id":20042,"href":"https:\/\/grainesdedesert.com\/ar\/wp-json\/wp\/v2\/product\/2346\/revisions\/20042"}],"wp:featuredmedia":[{"embeddable":true,"href":"https:\/\/grainesdedesert.com\/ar\/wp-json\/wp\/v2\/media\/18386"}],"wp:attachment":[{"href":"https:\/\/grainesdedesert.com\/ar\/wp-json\/wp\/v2\/media?parent=2346"}],"wp:term":[{"taxonomy":"product_cat","embeddable":true,"href":"https:\/\/grainesdedesert.com\/ar\/wp-json\/wp\/v2\/product_cat?post=2346"},{"taxonomy":"product_tag","embeddable":true,"href":"https:\/\/grainesdedesert.com\/ar\/wp-json\/wp\/v2\/product_tag?post=2346"}],"curies":[{"name":"wp","href":"https:\/\/api.w.org\/{rel}","templated":true}]}}