{"id":2377,"date":"2020-05-12T12:18:04","date_gmt":"2020-05-12T10:18:04","guid":{"rendered":"http:\/\/localhost\/granesdedesert\/?post_type=product&#038;p=2377"},"modified":"2025-01-02T10:50:59","modified_gmt":"2025-01-02T09:50:59","slug":"clay-vase","status":"publish","type":"product","link":"https:\/\/grainesdedesert.com\/ar\/product\/clay-vase\/","title":{"rendered":"\u0645\u0631\u0647\u0645 \u062c\u0645\u0644"},"content":{"rendered":"<p><strong>Elabor\u00e9 a partir de bosse de dromadaire,d&rsquo; huiles v\u00e9g\u00e9tales naturelle de s\u00e9same, et huiles essentielles.<\/strong><\/p>\n<p><strong>\u0645\u0633\u0643\u0646 \u062d\u0642\u064a\u0642\u064a \u0644\u0644\u0623\u0644\u0645 \u060c \u0625\u0646\u0647 \u0642\u0631\u064a\u0628\u0641\u064a \u062a\u0631\u0643\u064a\u0628\u062a\u0647 \u0645\u0646 \u0628\u0644\u0633\u0645 \u0627\u0644\u0646\u0645\u0631 \u0627\u0644\u0623\u0628\u064a\u0636 \u060c \u0625\u0635\u062f\u0627\u0631 \u0627\u0644\u0635\u062d\u0631\u0627\u0621.<\/strong><br \/>\n<strong>\u0645\u0633\u062e\u0646 \u060c \u064a\u062a\u0645 \u062a\u0637\u0628\u064a\u0642\u0647 \u0639\u0644\u0649 \u0622\u0644\u0627\u0645\u0643<\/strong><\/p>\n<p><strong>\u0645\u062b\u0644\u0627 :<\/strong><\/p>\n<p><strong>- \u0639\u0644\u0649 \u0627\u0644\u0635\u062f\u063a\u064a\u0646 \u0623\u0648 \u062e\u0644\u0641 \u0627\u0644\u0623\u0630\u0646\u064a\u0646 \u0641\u064a \u062d\u0627\u0644\u0629 \u0627\u0644\u0635\u062f\u0627\u0639.<\/strong><\/p>\n<p><strong>- \u0639\u0644\u0649 \u0627\u0644\u0642\u0641\u0635 \u0627\u0644\u0635\u062f\u0631\u064a \u0644\u062a\u0646\u0638\u064a\u0641 \u0627\u0644\u0634\u0639\u0628 \u0627\u0644\u0647\u0648\u0627\u0626\u064a\u0629<\/strong><\/p>\n<p><strong>- \u0623\u0648 \u0644\u0623\u0646\u0648\u0627\u0639 \u0627\u0644\u0622\u0644\u0627\u0645 \u0627\u0644\u0623\u062e\u0631\u0649<\/strong><\/p>\n<p>Se conserve environ 5 ans<\/p>","protected":false},"excerpt":{"rendered":"<p>&nbsp;<\/p>\n<p>&nbsp;<\/p>\n<p><strong><em>\u0627\u0644\u0633\u0639\u0631 \u064a\u0646\u0637\u0628\u0642 \u0641\u0642\u0637 \u0641\u064a \u0627\u0644\u0645\u063a\u0631\u0628 \u060c \u0644\u0645\u0632\u064a\u062f \u0645\u0646 \u0627\u0644\u0645\u0639\u0644\u0648\u0645\u0627\u062a \u064a\u0631\u062c\u0649 \u0627\u0644\u0627\u062a\u0635\u0627\u0644 \u0628\u0646\u0627.\u00a0<\/em><\/strong><\/p>","protected":false},"featured_media":18385,"template":"","meta":[],"product_cat":[180],"product_tag":[],"class_list":["post-2377","product","type-product","status-publish","has-post-thumbnail","hentry","product_cat-baumes"],"_links":{"self":[{"href":"https:\/\/grainesdedesert.com\/ar\/wp-json\/wp\/v2\/product\/2377","targetHints":{"allow":["GET"]}}],"collection":[{"href":"https:\/\/grainesdedesert.com\/ar\/wp-json\/wp\/v2\/product"}],"about":[{"href":"https:\/\/grainesdedesert.com\/ar\/wp-json\/wp\/v2\/types\/product"}],"version-history":[{"count":7,"href":"https:\/\/grainesdedesert.com\/ar\/wp-json\/wp\/v2\/product\/2377\/revisions"}],"predecessor-version":[{"id":20040,"href":"https:\/\/grainesdedesert.com\/ar\/wp-json\/wp\/v2\/product\/2377\/revisions\/20040"}],"wp:featuredmedia":[{"embeddable":true,"href":"https:\/\/grainesdedesert.com\/ar\/wp-json\/wp\/v2\/media\/18385"}],"wp:attachment":[{"href":"https:\/\/grainesdedesert.com\/ar\/wp-json\/wp\/v2\/media?parent=2377"}],"wp:term":[{"taxonomy":"product_cat","embeddable":true,"href":"https:\/\/grainesdedesert.com\/ar\/wp-json\/wp\/v2\/product_cat?post=2377"},{"taxonomy":"product_tag","embeddable":true,"href":"https:\/\/grainesdedesert.com\/ar\/wp-json\/wp\/v2\/product_tag?post=2377"}],"curies":[{"name":"wp","href":"https:\/\/api.w.org\/{rel}","templated":true}]}}